{"id":351,"date":"2022-03-21T11:20:17","date_gmt":"2022-03-21T10:20:17","guid":{"rendered":"https:\/\/eriba-platform.be\/digital-fahren-zeit-sparen\/"},"modified":"2022-05-24T17:17:19","modified_gmt":"2022-05-24T15:17:19","slug":"digital-fahren-zeit-sparen","status":"publish","type":"page","link":"https:\/\/eriba-platform.be\/de\/","title":{"rendered":"Digital fahren? Zeit sparen!"},"content":{"rendered":"","protected":false},"excerpt":{"rendered":"","protected":false},"author":1,"featured_media":0,"parent":0,"menu_order":0,"comment_status":"closed","ping_status":"closed","template":"","meta":{"_acf_changed":false,"inline_featured_image":false,"footnotes":""},"class_list":["post-351","page","type-page","status-publish","hentry"],"acf":[],"yoast_head":"<!-- This site is optimized with the Yoast SEO plugin v24.8.1 - https:\/\/yoast.com\/wordpress\/plugins\/seo\/ -->\n<title>Digital fahren? Zeit sparen! | eRIBa<\/title>\n<meta name=\"description\" content=\"Eine durchdachte Kommunikationsplattform f\u00fcr den Austausch von digitalen Meldedaten zwischen dem Binnenschifffahrtsunternehmer und den Wasserstra\u00dfenbeh\u00f6rden in Flandern und auf der Westschelde, das ist eRIBa (electronic Reporting for Inland Barges, ehemals bekannt als Single Window for Inland Navigation).\" \/>\n<meta name=\"robots\" content=\"index, follow, max-snippet:-1, max-image-preview:large, max-video-preview:-1\" \/>\n<link rel=\"canonical\" href=\"https:\/\/eriba-platform.be\/de\/\" \/>\n<meta property=\"og:locale\" content=\"de_DE\" \/>\n<meta property=\"og:type\" content=\"article\" \/>\n<meta property=\"og:title\" content=\"Digital fahren? Zeit sparen! | eRIBa\" \/>\n<meta property=\"og:description\" content=\"Eine durchdachte Kommunikationsplattform f\u00fcr den Austausch von digitalen Meldedaten zwischen dem Binnenschifffahrtsunternehmer und den Wasserstra\u00dfenbeh\u00f6rden in Flandern und auf der Westschelde, das ist eRIBa (electronic Reporting for Inland Barges, ehemals bekannt als Single Window for Inland Navigation).\" \/>\n<meta property=\"og:url\" content=\"https:\/\/eriba-platform.be\/de\/\" \/>\n<meta property=\"og:site_name\" content=\"eRIBa\" \/>\n<meta property=\"article:modified_time\" content=\"2022-05-24T15:17:19+00:00\" \/>\n<meta name=\"twitter:card\" content=\"summary_large_image\" \/>\n<script type=\"application\/ld+json\" class=\"yoast-schema-graph\">{\"@context\":\"https:\/\/schema.org\",\"@graph\":[{\"@type\":\"WebPage\",\"@id\":\"https:\/\/eriba-platform.be\/de\/\",\"url\":\"https:\/\/eriba-platform.be\/de\/\",\"name\":\"Digital fahren? Zeit sparen! | eRIBa\",\"isPartOf\":{\"@id\":\"https:\/\/eriba-platform.be\/de\/#website\"},\"datePublished\":\"2022-03-21T10:20:17+00:00\",\"dateModified\":\"2022-05-24T15:17:19+00:00\",\"description\":\"Eine durchdachte Kommunikationsplattform f\u00fcr den Austausch von digitalen Meldedaten zwischen dem Binnenschifffahrtsunternehmer und den Wasserstra\u00dfenbeh\u00f6rden in Flandern und auf der Westschelde, das ist eRIBa (electronic Reporting for Inland Barges, ehemals bekannt als Single Window for Inland Navigation).\",\"breadcrumb\":{\"@id\":\"https:\/\/eriba-platform.be\/de\/#breadcrumb\"},\"inLanguage\":\"de\",\"potentialAction\":[{\"@type\":\"ReadAction\",\"target\":[\"https:\/\/eriba-platform.be\/de\/\"]}]},{\"@type\":\"BreadcrumbList\",\"@id\":\"https:\/\/eriba-platform.be\/de\/#breadcrumb\",\"itemListElement\":[{\"@type\":\"ListItem\",\"position\":1,\"name\":\"Home\",\"item\":\"https:\/\/eriba-platform.be\/de\/\"},{\"@type\":\"ListItem\",\"position\":2,\"name\":\"Digital fahren? Zeit sparen!\"}]},{\"@type\":\"WebSite\",\"@id\":\"https:\/\/eriba-platform.be\/de\/#website\",\"url\":\"https:\/\/eriba-platform.be\/de\/\",\"name\":\"eRIBa\",\"description\":\"Digitaal varen? Tijd besparen!\",\"potentialAction\":[{\"@type\":\"SearchAction\",\"target\":{\"@type\":\"EntryPoint\",\"urlTemplate\":\"https:\/\/eriba-platform.be\/de\/?s={search_term_string}\"},\"query-input\":{\"@type\":\"PropertyValueSpecification\",\"valueRequired\":true,\"valueName\":\"search_term_string\"}}],\"inLanguage\":\"de\"}]}<\/script>\n<!-- \/ Yoast SEO plugin. -->","yoast_head_json":{"title":"Digital fahren? Zeit sparen! | eRIBa","description":"Eine durchdachte Kommunikationsplattform f\u00fcr den Austausch von digitalen Meldedaten zwischen dem Binnenschifffahrtsunternehmer und den Wasserstra\u00dfenbeh\u00f6rden in Flandern und auf der Westschelde, das ist eRIBa (electronic Reporting for Inland Barges, ehemals bekannt als Single Window for Inland Navigation).","robots":{"index":"index","follow":"follow","max-snippet":"max-snippet:-1","max-image-preview":"max-image-preview:large","max-video-preview":"max-video-preview:-1"},"canonical":"https:\/\/eriba-platform.be\/de\/","og_locale":"de_DE","og_type":"article","og_title":"Digital fahren? Zeit sparen! | eRIBa","og_description":"Eine durchdachte Kommunikationsplattform f\u00fcr den Austausch von digitalen Meldedaten zwischen dem Binnenschifffahrtsunternehmer und den Wasserstra\u00dfenbeh\u00f6rden in Flandern und auf der Westschelde, das ist eRIBa (electronic Reporting for Inland Barges, ehemals bekannt als Single Window for Inland Navigation).","og_url":"https:\/\/eriba-platform.be\/de\/","og_site_name":"eRIBa","article_modified_time":"2022-05-24T15:17:19+00:00","twitter_card":"summary_large_image","schema":{"@context":"https:\/\/schema.org","@graph":[{"@type":"WebPage","@id":"https:\/\/eriba-platform.be\/de\/","url":"https:\/\/eriba-platform.be\/de\/","name":"Digital fahren? Zeit sparen! | eRIBa","isPartOf":{"@id":"https:\/\/eriba-platform.be\/de\/#website"},"datePublished":"2022-03-21T10:20:17+00:00","dateModified":"2022-05-24T15:17:19+00:00","description":"Eine durchdachte Kommunikationsplattform f\u00fcr den Austausch von digitalen Meldedaten zwischen dem Binnenschifffahrtsunternehmer und den Wasserstra\u00dfenbeh\u00f6rden in Flandern und auf der Westschelde, das ist eRIBa (electronic Reporting for Inland Barges, ehemals bekannt als Single Window for Inland Navigation).","breadcrumb":{"@id":"https:\/\/eriba-platform.be\/de\/#breadcrumb"},"inLanguage":"de","potentialAction":[{"@type":"ReadAction","target":["https:\/\/eriba-platform.be\/de\/"]}]},{"@type":"BreadcrumbList","@id":"https:\/\/eriba-platform.be\/de\/#breadcrumb","itemListElement":[{"@type":"ListItem","position":1,"name":"Home","item":"https:\/\/eriba-platform.be\/de\/"},{"@type":"ListItem","position":2,"name":"Digital fahren? Zeit sparen!"}]},{"@type":"WebSite","@id":"https:\/\/eriba-platform.be\/de\/#website","url":"https:\/\/eriba-platform.be\/de\/","name":"eRIBa","description":"Digitaal varen? Tijd besparen!","potentialAction":[{"@type":"SearchAction","target":{"@type":"EntryPoint","urlTemplate":"https:\/\/eriba-platform.be\/de\/?s={search_term_string}"},"query-input":{"@type":"PropertyValueSpecification","valueRequired":true,"valueName":"search_term_string"}}],"inLanguage":"de"}]}},"_links":{"self":[{"href":"https:\/\/eriba-platform.be\/de\/wp-json\/wp\/v2\/pages\/351","targetHints":{"allow":["GET"]}}],"collection":[{"href":"https:\/\/eriba-platform.be\/de\/wp-json\/wp\/v2\/pages"}],"about":[{"href":"https:\/\/eriba-platform.be\/de\/wp-json\/wp\/v2\/types\/page"}],"author":[{"embeddable":true,"href":"https:\/\/eriba-platform.be\/de\/wp-json\/wp\/v2\/users\/1"}],"replies":[{"embeddable":true,"href":"https:\/\/eriba-platform.be\/de\/wp-json\/wp\/v2\/comments?post=351"}],"version-history":[{"count":1,"href":"https:\/\/eriba-platform.be\/de\/wp-json\/wp\/v2\/pages\/351\/revisions"}],"predecessor-version":[{"id":438,"href":"https:\/\/eriba-platform.be\/de\/wp-json\/wp\/v2\/pages\/351\/revisions\/438"}],"wp:attachment":[{"href":"https:\/\/eriba-platform.be\/de\/wp-json\/wp\/v2\/media?parent=351"}],"curies":[{"name":"wp","href":"https:\/\/api.w.org\/{rel}","templated":true}]}}